{"id":948,"date":"2023-06-02T13:50:54","date_gmt":"2023-06-02T11:50:54","guid":{"rendered":"http:\/\/baltimorehouse.net\/book-now-copy\/"},"modified":"2023-06-21T10:46:15","modified_gmt":"2023-06-21T08:46:15","slug":"jetzt-buchen","status":"publish","type":"page","link":"https:\/\/baltimorehouse.net\/de\/jetzt-buchen\/","title":{"rendered":"JETZT BUCHEN"},"content":{"rendered":"\t\t<div data-elementor-type=\"wp-page\" data-elementor-id=\"948\" class=\"elementor elementor-948\">\n\t\t\t\t\t\t<section class=\"elementor-section elementor-top-section elementor-element elementor-element-c9a5f2d elementor-section-stretched elementor-section-boxed elementor-section-height-default elementor-section-height-default\" data-id=\"c9a5f2d\" data-element_type=\"section\" data-settings=\"{&quot;stretch_section&quot;:&quot;section-stretched&quot;,&quot;background_background&quot;:&quot;classic&quot;}\">\n\t\t\t\t\t\t<div class=\"elementor-container elementor-column-gap-wider\">\n\t\t\t\t\t<div class=\"elementor-column elementor-col-100 elementor-top-column elementor-element elementor-element-39094e9\" data-id=\"39094e9\" data-element_type=\"column\">\n\t\t\t<div class=\"elementor-widget-wrap elementor-element-populated\">\n\t\t\t\t\t\t<section class=\"elementor-section elementor-inner-section elementor-element elementor-element-30feea7 elementor-section-boxed elementor-section-height-default elementor-section-height-default\" data-id=\"30feea7\" data-element_type=\"section\">\n\t\t\t\t\t\t<div class=\"elementor-container elementor-column-gap-default\">\n\t\t\t\t\t<div class=\"elementor-column elementor-col-100 elementor-inner-column elementor-element elementor-element-7918470\" data-id=\"7918470\" data-element_type=\"column\">\n\t\t\t<div class=\"elementor-widget-wrap elementor-element-populated\">\n\t\t\t\t\t\t<div class=\"elementor-element elementor-element-01bacce elementor-widget elementor-widget-spacer\" data-id=\"01bacce\" data-element_type=\"widget\" data-widget_type=\"spacer.default\">\n\t\t\t\t<div class=\"elementor-widget-container\">\n\t\t\t<style>\/*! elementor - v3.19.0 - 28-02-2024 *\/\n.elementor-column .elementor-spacer-inner{height:var(--spacer-size)}.e-con{--container-widget-width:100%}.e-con-inner>.elementor-widget-spacer,.e-con>.elementor-widget-spacer{width:var(--container-widget-width,var(--spacer-size));--align-self:var(--container-widget-align-self,initial);--flex-shrink:0}.e-con-inner>.elementor-widget-spacer>.elementor-widget-container,.e-con>.elementor-widget-spacer>.elementor-widget-container{height:100%;width:100%}.e-con-inner>.elementor-widget-spacer>.elementor-widget-container>.elementor-spacer,.e-con>.elementor-widget-spacer>.elementor-widget-container>.elementor-spacer{height:100%}.e-con-inner>.elementor-widget-spacer>.elementor-widget-container>.elementor-spacer>.elementor-spacer-inner,.e-con>.elementor-widget-spacer>.elementor-widget-container>.elementor-spacer>.elementor-spacer-inner{height:var(--container-widget-height,var(--spacer-size))}.e-con-inner>.elementor-widget-spacer.elementor-widget-empty,.e-con>.elementor-widget-spacer.elementor-widget-empty{position:relative;min-height:22px;min-width:22px}.e-con-inner>.elementor-widget-spacer.elementor-widget-empty .elementor-widget-empty-icon,.e-con>.elementor-widget-spacer.elementor-widget-empty .elementor-widget-empty-icon{position:absolute;top:0;bottom:0;left:0;right:0;margin:auto;padding:0;width:22px;height:22px}<\/style>\t\t<div class=\"elementor-spacer\">\n\t\t\t<div class=\"elementor-spacer-inner\"><\/div>\n\t\t<\/div>\n\t\t\t\t<\/div>\n\t\t\t\t<\/div>\n\t\t\t\t\t<\/div>\n\t\t<\/div>\n\t\t\t\t\t<\/div>\n\t\t<\/section>\n\t\t\t\t<section class=\"elementor-section elementor-inner-section elementor-element elementor-element-5f1d146 elementor-section-boxed elementor-section-height-default elementor-section-height-default\" data-id=\"5f1d146\" data-element_type=\"section\">\n\t\t\t\t\t\t<div class=\"elementor-container elementor-column-gap-default\">\n\t\t\t\t\t<div class=\"elementor-column elementor-col-33 elementor-inner-column elementor-element elementor-element-e51d1a6\" data-id=\"e51d1a6\" data-element_type=\"column\">\n\t\t\t<div class=\"elementor-widget-wrap elementor-element-populated\">\n\t\t\t\t\t\t<div class=\"elementor-element elementor-element-6c03a15 elementor-widget elementor-widget-image\" data-id=\"6c03a15\" data-element_type=\"widget\" data-widget_type=\"image.default\">\n\t\t\t\t<div class=\"elementor-widget-container\">\n\t\t\t<style>\/*! elementor - v3.19.0 - 28-02-2024 *\/\n.elementor-widget-image{text-align:center}.elementor-widget-image a{display:inline-block}.elementor-widget-image a img[src$=\".svg\"]{width:48px}.elementor-widget-image img{vertical-align:middle;display:inline-block}<\/style>\t\t\t\t\t\t\t\t\t\t<img decoding=\"async\" width=\"68\" height=\"51\" src=\"https:\/\/baltimorehouse.net\/wp-content\/uploads\/2023\/05\/retina_logo_baltimore_house.png\" class=\"attachment-large size-large wp-image-606\" alt=\"\" \/>\t\t\t\t\t\t\t\t\t\t\t\t\t<\/div>\n\t\t\t\t<\/div>\n\t\t\t\t<div class=\"elementor-element elementor-element-15eaecf elementor-widget elementor-widget-text-editor\" data-id=\"15eaecf\" data-element_type=\"widget\" data-widget_type=\"text-editor.default\">\n\t\t\t\t<div class=\"elementor-widget-container\">\n\t\t\t<style>\/*! elementor - v3.19.0 - 28-02-2024 *\/\n.elementor-widget-text-editor.elementor-drop-cap-view-stacked .elementor-drop-cap{background-color:#69727d;color:#fff}.elementor-widget-text-editor.elementor-drop-cap-view-framed .elementor-drop-cap{color:#69727d;border:3px solid;background-color:transparent}.elementor-widget-text-editor:not(.elementor-drop-cap-view-default) .elementor-drop-cap{margin-top:8px}.elementor-widget-text-editor:not(.elementor-drop-cap-view-default) .elementor-drop-cap-letter{width:1em;height:1em}.elementor-widget-text-editor .elementor-drop-cap{float:left;text-align:center;line-height:1;font-size:50px}.elementor-widget-text-editor .elementor-drop-cap-letter{display:inline-block}<\/style>\t\t\t\t<h4><span style=\"color: #000000;\">Buchungen<br><\/span><\/h4>\n<p><span style=\"color: #000000;\">Schicken Sie uns eine Nachricht, und wir werden uns so schnell wie m\u00f6glich bei Ihnen melden!<br><\/span><\/p>\t\t\t\t\t\t<\/div>\n\t\t\t\t<\/div>\n\t\t\t\t<div class=\"elementor-element elementor-element-5227472 elementor-widget elementor-widget-image\" data-id=\"5227472\" data-element_type=\"widget\" data-widget_type=\"image.default\">\n\t\t\t\t<div class=\"elementor-widget-container\">\n\t\t\t\t\t\t\t\t\t\t\t\t\t<img decoding=\"async\" width=\"150\" height=\"150\" src=\"https:\/\/baltimorehouse.net\/wp-content\/uploads\/2023\/05\/cropped-icons-baltimore-icon-150x150.png\" class=\"attachment-thumbnail size-thumbnail wp-image-777\" alt=\"\" srcset=\"https:\/\/baltimorehouse.net\/wp-content\/uploads\/2023\/05\/cropped-icons-baltimore-icon-150x150.png 150w, https:\/\/baltimorehouse.net\/wp-content\/uploads\/2023\/05\/cropped-icons-baltimore-icon-300x300.png 300w, https:\/\/baltimorehouse.net\/wp-content\/uploads\/2023\/05\/cropped-icons-baltimore-icon-146x146.png 146w, https:\/\/baltimorehouse.net\/wp-content\/uploads\/2023\/05\/cropped-icons-baltimore-icon-50x50.png 50w, https:\/\/baltimorehouse.net\/wp-content\/uploads\/2023\/05\/cropped-icons-baltimore-icon-75x75.png 75w, https:\/\/baltimorehouse.net\/wp-content\/uploads\/2023\/05\/cropped-icons-baltimore-icon-85x85.png 85w, https:\/\/baltimorehouse.net\/wp-content\/uploads\/2023\/05\/cropped-icons-baltimore-icon-80x80.png 80w, https:\/\/baltimorehouse.net\/wp-content\/uploads\/2023\/05\/cropped-icons-baltimore-icon-270x270.png 270w, https:\/\/baltimorehouse.net\/wp-content\/uploads\/2023\/05\/cropped-icons-baltimore-icon-192x192.png 192w, https:\/\/baltimorehouse.net\/wp-content\/uploads\/2023\/05\/cropped-icons-baltimore-icon-180x180.png 180w, https:\/\/baltimorehouse.net\/wp-content\/uploads\/2023\/05\/cropped-icons-baltimore-icon-32x32.png 32w, https:\/\/baltimorehouse.net\/wp-content\/uploads\/2023\/05\/cropped-icons-baltimore-icon.png 512w\" sizes=\"(max-width: 150px) 100vw, 150px\" \/>\t\t\t\t\t\t\t\t\t\t\t\t\t<\/div>\n\t\t\t\t<\/div>\n\t\t\t\t<div class=\"elementor-element elementor-element-8c9899c elementor-widget elementor-widget-text-editor\" data-id=\"8c9899c\" data-element_type=\"widget\" data-widget_type=\"text-editor.default\">\n\t\t\t\t<div class=\"elementor-widget-container\">\n\t\t\t\t\t\t\t<p><strong>Baltimore House<\/strong><\/p><p>Put Topi\u0107a 36,<\/p><p>21320 Ba\u0161ka Voda,<\/p><p>Kroatien<\/p><p><span style=\"color: #f5f5f5;\">\u00a0<\/span><\/p>\t\t\t\t\t\t<\/div>\n\t\t\t\t<\/div>\n\t\t\t\t\t<\/div>\n\t\t<\/div>\n\t\t\t\t<div class=\"elementor-column elementor-col-66 elementor-inner-column elementor-element elementor-element-9ff119c\" data-id=\"9ff119c\" data-element_type=\"column\">\n\t\t\t<div class=\"elementor-widget-wrap elementor-element-populated\">\n\t\t\t\t\t\t<div class=\"elementor-element elementor-element-33cf510 elementor-widget elementor-widget-shortcode\" data-id=\"33cf510\" data-element_type=\"widget\" data-widget_type=\"shortcode.default\">\n\t\t\t\t<div class=\"elementor-widget-container\">\n\t\t\t\t\t<div class=\"elementor-shortcode\">\n<!-- This file should primarily consist of HTML with a little bit of PHP. -->\n<div class=\"app-flo-forms app-flo-forms_1218\" data-form_id=\"1218\">\n  <form class=\"flo-form\" enctype=\"multipart\/form-data\" >\n    <flo-form v-bind:form_id=\"1218\"><\/flo-form>\n    <input type=\"hidden\" name=\"flo_fid\" value=\"1218\">\n    <div class=\"flo overlay-loader\">\n      <div class=\"loader\"><div><\/div><div><\/div><div><\/div><div><\/div><div><\/div><div><\/div><div><\/div><\/div>\n    <\/div>\n    <div class=\"flo-response\"><\/div>\n    <div class=\"flo-response-error\"><\/div>\n  <\/form>\n<\/div><\/div>\n\t\t\t\t<\/div>\n\t\t\t\t<\/div>\n\t\t\t\t\t<\/div>\n\t\t<\/div>\n\t\t\t\t\t<\/div>\n\t\t<\/section>\n\t\t\t\t\t<\/div>\n\t\t<\/div>\n\t\t\t\t\t<\/div>\n\t\t<\/section>\n\t\t\t\t<\/div>\n\t\t","protected":false},"excerpt":{"rendered":"<p>Buchungen Schicken Sie uns eine Nachricht, und wir werden uns so schnell wie m\u00f6glich bei Ihnen melden! Baltimore House Put Topi\u0107a 36, 21320 Ba\u0161ka Voda, Kroatien<span class=\"excerpt-hellip\"> [\u2026]<\/span><\/p>\n","protected":false},"author":1,"featured_media":0,"parent":0,"menu_order":0,"comment_status":"closed","ping_status":"closed","template":"","meta":{"footnotes":""},"class_list":["post-948","page","type-page","status-publish","hentry"],"_links":{"self":[{"href":"https:\/\/baltimorehouse.net\/de\/wp-json\/wp\/v2\/pages\/948","targetHints":{"allow":["GET"]}}],"collection":[{"href":"https:\/\/baltimorehouse.net\/de\/wp-json\/wp\/v2\/pages"}],"about":[{"href":"https:\/\/baltimorehouse.net\/de\/wp-json\/wp\/v2\/types\/page"}],"author":[{"embeddable":true,"href":"https:\/\/baltimorehouse.net\/de\/wp-json\/wp\/v2\/users\/1"}],"replies":[{"embeddable":true,"href":"https:\/\/baltimorehouse.net\/de\/wp-json\/wp\/v2\/comments?post=948"}],"version-history":[{"count":8,"href":"https:\/\/baltimorehouse.net\/de\/wp-json\/wp\/v2\/pages\/948\/revisions"}],"predecessor-version":[{"id":1221,"href":"https:\/\/baltimorehouse.net\/de\/wp-json\/wp\/v2\/pages\/948\/revisions\/1221"}],"wp:attachment":[{"href":"https:\/\/baltimorehouse.net\/de\/wp-json\/wp\/v2\/media?parent=948"}],"curies":[{"name":"wp","href":"https:\/\/api.w.org\/{rel}","templated":true}]}}